{"id":147,"date":"2023-04-29T08:42:53","date_gmt":"2023-04-29T06:42:53","guid":{"rendered":"https:\/\/collective-unlearning.com\/?page_id=147"},"modified":"2024-02-08T17:43:53","modified_gmt":"2024-02-08T16:43:53","slug":"home","status":"publish","type":"page","link":"https:\/\/collective-unlearning.com\/","title":{"rendered":"home"},"content":{"rendered":"<div class=\"nk-awb \" ><\/p>\n<h2><\/h2>\n<h2><span style=\"color: #0000ff;\">soft power<\/span><\/h2>\n<h2><span style=\"color: #0000ff;\">how to articulate<\/span><\/h2>\n<h2><span style=\"color: #0000ff;\">advanced illusion<\/span><\/h2>\n<h2><span style=\"color: #0000ff;\">just fantasy<\/span><\/h2>\n<h2><span style=\"color: #0000ff;\">deactivate<\/span><\/h2>\n<h2><span style=\"color: #ff00ff;\">attempting to speak off<\/span><\/h2>\n<h2><span style=\"color: #ff00ff;\">our symptoms of discontent<\/span><\/h2>\n<h2><span style=\"color: #ff00ff;\">weaving it together<\/span><\/h2>\n<h2><span style=\"color: #ff00ff;\">speaking of the unspoken<\/span><\/h2>\n<h2>machines fighting anxiety<\/h2>\n<h2>attempting to speak off<\/h2>\n<h2>sketching our vocabulary<\/h2>\n<h2>inefficient<\/h2>\n<h2><span style=\"color: #0000ff;\">our terms of troubles<\/span><\/h2>\n<h2><span style=\"color: #0000ff;\">call it default<\/span><\/h2>\n<h2><span style=\"color: #0000ff;\">routine chain<\/span><\/h2>\n<h2><span style=\"color: #0000ff;\">resting<\/span><\/h2>\n<h2><span style=\"color: #0000ff;\">weaving and decoding<\/span><\/h2>\n<h2><span style=\"color: #ff00ff;\">attempting to unlearn<\/span><\/h2>\n<h2><span style=\"color: #ff00ff;\">imagining together<\/span><\/h2>\n<h2><span style=\"color: #ff00ff;\">our vocabulary of imagination<\/span><\/h2>\n<h2><span style=\"color: #ff00ff;\">rearticulating<\/span><\/h2>\n<p>&nbsp;<\/p>\n<p><div class=\"nk-awb-wrap\" data-awb-type=\"image\" data-awb-stretch=\"true\" data-awb-image-background-size=\"cover\" data-awb-image-background-position=\"50% 50%\" data-awb-parallax=\"scroll-opacity\" data-awb-parallax-speed=\"0.5\" data-awb-parallax-mobile=\"true\" data-awb-mouse-parallax-size=\"30\" data-awb-mouse-parallax-speed=\"10000\"><div  class=\"nk-awb-inner\"><img loading=\"lazy\" decoding=\"async\" width=\"945\" height=\"709\" src=\"https:\/\/collective-unlearning.com\/wp-content\/uploads\/2023\/04\/2023-04-HeaderMontage-PS10.jpg\" class=\"jarallax-img\" alt=\"\" style=\"width:100%;height:75.03%;max-width:945px;object-position: 50% 50%;\" srcset=\"https:\/\/collective-unlearning.com\/wp-content\/uploads\/2023\/04\/2023-04-HeaderMontage-PS10.jpg 945w, https:\/\/collective-unlearning.com\/wp-content\/uploads\/2023\/04\/2023-04-HeaderMontage-PS10-300x225.jpg 300w, https:\/\/collective-unlearning.com\/wp-content\/uploads\/2023\/04\/2023-04-HeaderMontage-PS10-768x576.jpg 768w, https:\/\/collective-unlearning.com\/wp-content\/uploads\/2023\/04\/2023-04-HeaderMontage-PS10-500x375.jpg 500w, https:\/\/collective-unlearning.com\/wp-content\/uploads\/2023\/04\/2023-04-HeaderMontage-PS10-800x600.jpg 800w\" sizes=\"auto, (max-width: 945px) 100vw, 945px\" \/><\/div><\/div><\/div>\n<p>&nbsp;<\/p>\n<h3><span style=\"color: #333399;\">collective:unlearning ist das \u2192 kollaborative Format der K\u00fcnstlerinnen Annam\u00e1ria Kardos und Miriam Neubauer. Sie agieren im Spannungsfeld von individuellen und kollektiven Bed\u00fcrfnissen; hinterfragen gewohnte Muster, existente Strukturen und gehen Unausgesprochenem nach. Mit ihren Arbeiten explorieren sie Intentionen von <i>unlearning<\/i> und <i>tools for imagination.<\/i><\/span><\/h3>\n<p>&nbsp;<\/p>\n<h3><span style=\"color: #ff00ff;\">\u00a0<\/span><\/h3>\n<p>&nbsp;<\/p>\n<p>&nbsp;<\/p>\n<h6><span style=\"color: #333399;\"><a style=\"color: #333399;\" href=\"mailto:contact@collective-unlearning.com\" target=\"_blank\" rel=\"noopener\">contact<\/a><\/span><\/h6>\n<h6><\/h6>\n","protected":false},"excerpt":{"rendered":"<p>&nbsp; collective:unlearning ist das \u2192 kollaborative Format der K\u00fcnstlerinnen Annam\u00e1ria Kardos und Miriam Neubauer. Sie agieren im Spannungsfeld von individuellen und kollektiven Bed\u00fcrfnissen; hinterfragen gewohnte Muster, existente Strukturen und gehen Unausgesprochenem nach. Mit ihren Arbeiten explorieren sie Intentionen von unlearning und tools for imagination. &nbsp; \u00a0 &nbsp; &nbsp; contact<\/p>\n","protected":false},"author":1,"featured_media":0,"parent":0,"menu_order":0,"comment_status":"closed","ping_status":"closed","template":"","meta":{"footnotes":""},"class_list":["post-147","page","type-page","status-publish","hentry","entry"],"_links":{"self":[{"href":"https:\/\/collective-unlearning.com\/index.php?rest_route=\/wp\/v2\/pages\/147","targetHints":{"allow":["GET"]}}],"collection":[{"href":"https:\/\/collective-unlearning.com\/index.php?rest_route=\/wp\/v2\/pages"}],"about":[{"href":"https:\/\/collective-unlearning.com\/index.php?rest_route=\/wp\/v2\/types\/page"}],"author":[{"embeddable":true,"href":"https:\/\/collective-unlearning.com\/index.php?rest_route=\/wp\/v2\/users\/1"}],"replies":[{"embeddable":true,"href":"https:\/\/collective-unlearning.com\/index.php?rest_route=%2Fwp%2Fv2%2Fcomments&post=147"}],"version-history":[{"count":62,"href":"https:\/\/collective-unlearning.com\/index.php?rest_route=\/wp\/v2\/pages\/147\/revisions"}],"predecessor-version":[{"id":228,"href":"https:\/\/collective-unlearning.com\/index.php?rest_route=\/wp\/v2\/pages\/147\/revisions\/228"}],"wp:attachment":[{"href":"https:\/\/collective-unlearning.com\/index.php?rest_route=%2Fwp%2Fv2%2Fmedia&parent=147"}],"curies":[{"name":"wp","href":"https:\/\/api.w.org\/{rel}","templated":true}]}}