{"id":216,"date":"2023-04-28T17:04:52","date_gmt":"2023-04-28T15:04:52","guid":{"rendered":"https:\/\/collective-unlearning.com\/?page_id=216"},"modified":"2023-04-28T17:04:52","modified_gmt":"2023-04-28T15:04:52","slug":"datenschutz","status":"publish","type":"page","link":"https:\/\/collective-unlearning.com\/?page_id=216","title":{"rendered":"Datenschutz"},"content":{"rendered":"<h4>Datenschutzerkl\u00e4rung<\/h4>\n<h5>Inhalts\u00fcbersicht<\/h5>\n<ul>\n<li><a href=\"#m3\">Verantwortlicher<\/a><\/li>\n<li><a href=\"#mOverview\">\u00dcbersicht der Verarbeitungen<\/a><\/li>\n<li><a href=\"#m225\">Bereitstellung des Onlineangebotes und Webhosting<\/a><\/li>\n<li><a href=\"#m15\">\u00c4nderung und Aktualisierung der Datenschutzerkl\u00e4rung<\/a><\/li>\n<\/ul>\n<h5>Verantwortliche<\/h5>\n<p>Annamaria Kardos und Miriam Neubauer<br \/>\ncollective:unlearning<br \/>\nMarienburger Str 5 \/ 5 a, 10405 Berlin<\/p>\n<p>E-Mail-Adresse: contact@collective-unlearning.com<\/p>\n<h4>\u00dcbersicht der Verarbeitungen<\/h4>\n<p>Die nachfolgende \u00dcbersicht fasst die Arten der verarbeiteten Daten und die Zwecke ihrer Verarbeitung zusammen und verweist auf die betroffenen Personen.<\/p>\n<h4>Arten der verarbeiteten Daten<\/h4>\n<ul>\n<li>Nutzungsdaten.<\/li>\n<li>Meta-, Kommunikations- und Verfahrensdaten.<\/li>\n<\/ul>\n<h4>Kategorien betroffener Personen<\/h4>\n<ul>\n<li>Nutzer.<\/li>\n<\/ul>\n<h4>Zwecke der Verarbeitung<\/h4>\n<ul>\n<li>Bereitstellung unseres Onlineangebotes und Nutzerfreundlichkeit.<\/li>\n<li>Informationstechnische Infrastruktur.<\/li>\n<\/ul>\n<h4>Bereitstellung des Onlineangebotes und Webhosting<\/h4>\n<p>Wir verarbeiten die Daten der Nutzer, um ihnen unsere Online-Dienste zur Verf\u00fcgung stellen zu k\u00f6nnen. Zu diesem Zweck verarbeiten wir die IP-Adresse des Nutzers, die notwendig ist, um die Inhalte und Funktionen unserer Online-Dienste an den Browser oder das Endger\u00e4t der Nutzer zu \u00fcbermitteln.<\/p>\n<ul>\n<li><strong>Verarbeitete Datenarten:<\/strong> Nutzungsdaten (z.B. besuchte Webseiten, Interesse an Inhalten, Zugriffszeiten); Meta-, Kommunikations- und Verfahrensdaten (z. B. IP-Adressen, Zeitangaben, Identifikationsnummern, Einwilligungsstatus).<\/li>\n<li><strong>Betroffene Personen:<\/strong> Nutzer (z.B. Webseitenbesucher, Nutzer von Onlinediensten).<\/li>\n<li><strong>Zwecke der Verarbeitung:<\/strong> Bereitstellung unseres Onlineangebotes und Nutzerfreundlichkeit; Informationstechnische Infrastruktur (Betrieb und Bereitstellung von Informationssystemen und technischen Ger\u00e4ten (Computer, Server etc.).).<\/li>\n<li><strong>Rechtsgrundlagen:<\/strong> Berechtigte Interessen (Art. 6 Abs. 1 S. 1 lit. f) DSGVO).<\/li>\n<\/ul>\n<h4><strong>Weitere Hinweise zu Verarbeitungsprozessen, Verfahren und Diensten:<\/strong><\/h4>\n<ul>\n<li><strong>Bereitstellung Onlineangebot auf gemietetem Speicherplatz: <\/strong>F\u00fcr die Bereitstellung unseres Onlineangebotes nutzen wir Speicherplatz, Rechenkapazit\u00e4t und Software, die wir von einem entsprechenden Serveranbieter (auch &#8220;Webhoster&#8221; genannt) mieten oder anderweitig beziehen; <strong>Rechtsgrundlagen:<\/strong> Berechtigte Interessen (Art. 6 Abs. 1 S. 1 lit. f) DSGVO).<\/li>\n<\/ul>\n<h4>\u00c4nderung und Aktualisierung der Datenschutzerkl\u00e4rung<\/h4>\n<p>Wir bitten Sie, sich regelm\u00e4\u00dfig \u00fcber den Inhalt unserer Datenschutzerkl\u00e4rung zu informieren. Wir passen die Datenschutzerkl\u00e4rung an, sobald die \u00c4nderungen der von uns durchgef\u00fchrten Datenverarbeitungen dies erforderlich machen. Wir informieren Sie, sobald durch die \u00c4nderungen eine Mitwirkungshandlung Ihrerseits (z.B. Einwilligung) oder eine sonstige individuelle Benachrichtigung erforderlich wird.<\/p>\n<p>Sofern wir in dieser Datenschutzerkl\u00e4rung Adressen und Kontaktinformationen von Unternehmen und Organisationen angeben, bitten wir zu beachten, dass die Adressen sich \u00fcber die Zeit \u00e4ndern k\u00f6nnen und bitten die Angaben vor Kontaktaufnahme zu pr\u00fcfen.<\/p>\n","protected":false},"excerpt":{"rendered":"<p>Datenschutzerkl\u00e4rung Inhalts\u00fcbersicht Verantwortlicher \u00dcbersicht der Verarbeitungen Bereitstellung des Onlineangebotes und Webhosting \u00c4nderung und Aktualisierung der Datenschutzerkl\u00e4rung Verantwortliche Annamaria Kardos und Miriam Neubauer collective:unlearning Marienburger Str 5 \/ 5 a, 10405 Berlin E-Mail-Adresse: contact@collective-unlearning.com \u00dcbersicht der Verarbeitungen Die nachfolgende \u00dcbersicht fasst die Arten der verarbeiteten Daten und die Zwecke ihrer Verarbeitung zusammen und verweist auf die&hellip; <a class=\"more-link\" href=\"https:\/\/collective-unlearning.com\/?page_id=216\">Continue reading <span class=\"screen-reader-text\">Datenschutz<\/span><\/a><\/p>\n","protected":false},"author":1,"featured_media":0,"parent":0,"menu_order":0,"comment_status":"closed","ping_status":"closed","template":"","meta":{"footnotes":""},"class_list":["post-216","page","type-page","status-publish","hentry","entry"],"_links":{"self":[{"href":"https:\/\/collective-unlearning.com\/index.php?rest_route=\/wp\/v2\/pages\/216","targetHints":{"allow":["GET"]}}],"collection":[{"href":"https:\/\/collective-unlearning.com\/index.php?rest_route=\/wp\/v2\/pages"}],"about":[{"href":"https:\/\/collective-unlearning.com\/index.php?rest_route=\/wp\/v2\/types\/page"}],"author":[{"embeddable":true,"href":"https:\/\/collective-unlearning.com\/index.php?rest_route=\/wp\/v2\/users\/1"}],"replies":[{"embeddable":true,"href":"https:\/\/collective-unlearning.com\/index.php?rest_route=%2Fwp%2Fv2%2Fcomments&post=216"}],"version-history":[{"count":2,"href":"https:\/\/collective-unlearning.com\/index.php?rest_route=\/wp\/v2\/pages\/216\/revisions"}],"predecessor-version":[{"id":218,"href":"https:\/\/collective-unlearning.com\/index.php?rest_route=\/wp\/v2\/pages\/216\/revisions\/218"}],"wp:attachment":[{"href":"https:\/\/collective-unlearning.com\/index.php?rest_route=%2Fwp%2Fv2%2Fmedia&parent=216"}],"curies":[{"name":"wp","href":"https:\/\/api.w.org\/{rel}","templated":true}]}}